{"id":11132,"date":"2025-08-18T16:45:21","date_gmt":"2025-08-18T13:45:21","guid":{"rendered":"https:\/\/www.nord-ist.com\/urun\/couple-coffee-table\/"},"modified":"2025-08-18T16:45:21","modified_gmt":"2025-08-18T13:45:21","slug":"couple-coffee-table","status":"publish","type":"product","link":"https:\/\/www.nord-ist.com\/en\/product\/couple-coffee-table\/","title":{"rendered":"COUPLE Coffee Table"},"content":{"rendered":"","protected":false},"excerpt":{"rendered":"<p>Traditional tile ceramic tables inspired couple Coffee Table, FSC\u2122\ufe0f certified (FSC-C028824) wood and Stoneware top tabletop formed materials elegant a combination. Stoneware ceramic top tray Light Blue, Sand and Taupe colours wavy or plain two different surface features can be selected. Single, two or three tables forming three different sizes, and different leg finish colours with books and your favourite other objects from 36 variations from which you can choose .  <\/p>\n<p><strong>Material:<\/strong> Oak legs, Wavy or Plain Stoneware Ceramic Top<br \/>\n<strong>Table Colour Options:<\/strong> Taupe, Light Blue, Sand<br \/>\n<strong>Ayak Renk Se\u00e7enekleri:<\/strong> Nat\u00fcrel Me\u015fe, Koyu Me\u015fe<br \/>\n<strong>Cleaning Instructions: <\/strong>Clean with a moist cloth.<br \/>\n<strong>Dimensions:<\/strong><br \/>\n <b> 1 Table: Height: <\/b>40 cm <b>Length: <\/b>84.5 cm<b> Width: <\/b>40 cm<\/p>\n<p><b>2 Table: Height: <\/b>40 cm <b>Length: <\/b>84.5 cm<b> Width: <\/b>80 cm<\/p>\n<p><b>3 Table: Height: <\/b>40 cm <b>Length: <\/b>84.5 cm<b> Width: <\/b>120 cm<\/p>\n","protected":false},"featured_media":10123,"comment_status":"open","ping_status":"closed","template":"","meta":{"_acf_changed":false},"product_brand":[],"product_cat":[168],"product_tag":[152],"class_list":{"0":"post-11132","1":"product","2":"type-product","3":"status-publish","4":"has-post-thumbnail","6":"product_cat-sidetable","7":"product_tag-catalog","8":"pa_marka-muuto-en","10":"first","11":"instock","12":"taxable","13":"shipping-taxable","14":"product-type-simple"},"acf":[],"_links":{"self":[{"href":"https:\/\/www.nord-ist.com\/en\/wp-json\/wp\/v2\/product\/11132","targetHints":{"allow":["GET"]}}],"collection":[{"href":"https:\/\/www.nord-ist.com\/en\/wp-json\/wp\/v2\/product"}],"about":[{"href":"https:\/\/www.nord-ist.com\/en\/wp-json\/wp\/v2\/types\/product"}],"replies":[{"embeddable":true,"href":"https:\/\/www.nord-ist.com\/en\/wp-json\/wp\/v2\/comments?post=11132"}],"wp:featuredmedia":[{"embeddable":true,"href":"https:\/\/www.nord-ist.com\/en\/wp-json\/wp\/v2\/media\/10123"}],"wp:attachment":[{"href":"https:\/\/www.nord-ist.com\/en\/wp-json\/wp\/v2\/media?parent=11132"}],"wp:term":[{"taxonomy":"product_brand","embeddable":true,"href":"https:\/\/www.nord-ist.com\/en\/wp-json\/wp\/v2\/product_brand?post=11132"},{"taxonomy":"product_cat","embeddable":true,"href":"https:\/\/www.nord-ist.com\/en\/wp-json\/wp\/v2\/product_cat?post=11132"},{"taxonomy":"product_tag","embeddable":true,"href":"https:\/\/www.nord-ist.com\/en\/wp-json\/wp\/v2\/product_tag?post=11132"}],"curies":[{"name":"wp","href":"https:\/\/api.w.org\/{rel}","templated":true}]}}