{"id":5691,"date":"2024-04-06T09:26:11","date_gmt":"2024-04-06T06:26:11","guid":{"rendered":"https:\/\/www.nord-ist.com\/cookie-policy\/"},"modified":"2024-05-02T14:05:30","modified_gmt":"2024-05-02T11:05:30","slug":"cookie-policy","status":"publish","type":"page","link":"https:\/\/www.nord-ist.com\/en\/cookie-policy\/","title":{"rendered":"Cookie Policy"},"content":{"rendered":"\t\t<div data-elementor-type=\"wp-page\" data-elementor-id=\"5691\" class=\"elementor elementor-5691 elementor-3498\" data-elementor-post-type=\"page\">\n\t\t\t\t<div class=\"wd-negative-gap elementor-element elementor-element-e0860fa e-flex e-con-boxed e-con e-parent\" data-id=\"e0860fa\" data-element_type=\"container\">\n\t\t\t\t\t<div class=\"e-con-inner\">\n\t\t<div class=\"wd-negative-gap elementor-element elementor-element-eeeeee1 e-flex e-con-boxed e-con e-child\" data-id=\"eeeeee1\" data-element_type=\"container\">\n\t\t\t\t\t<div class=\"e-con-inner\">\n\t\t<div class=\"wd-negative-gap elementor-element elementor-element-e355d26 e-flex e-con-boxed elementor-invisible e-con e-child\" data-id=\"e355d26\" data-element_type=\"container\" data-settings=\"{&quot;animation&quot;:&quot;fadeIn&quot;,&quot;animation_mobile&quot;:&quot;fadeInDown&quot;}\">\n\t\t\t\t\t<div class=\"e-con-inner\">\n\t\t\t\t<div class=\"elementor-element elementor-element-f7d8dfa elementor-headline--style-highlight elementor-widget elementor-widget-animated-headline\" data-id=\"f7d8dfa\" data-element_type=\"widget\" data-settings=\"{&quot;marker&quot;:&quot;double_underline&quot;,&quot;highlighted_text&quot;:&quot;Cookie Policy&quot;,&quot;headline_style&quot;:&quot;highlight&quot;,&quot;highlight_animation_duration&quot;:1200}\" data-widget_type=\"animated-headline.default\">\n\t\t\t\t<div class=\"elementor-widget-container\">\n\t\t\t\t\t\t\t<h3 class=\"elementor-headline\">\n\t\t\t\t<span class=\"elementor-headline-dynamic-wrapper elementor-headline-text-wrapper\">\n\t\t\t\t\t<span class=\"elementor-headline-dynamic-text elementor-headline-text-active\">Cookie Policy<\/span>\n\t\t\t\t<\/span>\n\t\t\t\t<\/h3>\n\t\t\t\t\t\t<\/div>\n\t\t\t\t<\/div>\n\t\t\t\t<div class=\"elementor-element elementor-element-4db1d20 color-scheme-inherit text-left elementor-widget elementor-widget-text-editor\" data-id=\"4db1d20\" data-element_type=\"widget\" data-widget_type=\"text-editor.default\">\n\t\t\t\t<div class=\"elementor-widget-container\">\n\t\t\t\t\t\t\t\t\t<p class=\"p1\"><span class=\"s1\"><b>NOORD\u0130ST Mobilya Mimarl\u0131k San Tic. Ltd. Sti.<\/b><\/span> Company (&#8220;NORD\u0130ST&#8221;) (<span class=\"s2\">https:\/\/www.nord-ist.com\/<\/span>) uses a number of cookies according to their intended use. This Cookie Policy has been prepared to inform our users (you) who visit the website.<\/p>\n<p class=\"p2\"><b>What is a Cookie?<\/b><\/p>\n<p class=\"p3\">Cookies are small text files or information that are stored on your computer or mobile device when you visit our site. In addition to these text files, software, pixels, beacons or other tags that act as identifiers like cookies will also be referred to as cookies.<\/p>\n<p class=\"p2\"><b>Our Purpose of Using Cookies<\/b><\/p>\n<p class=\"p3\">We use cookies for the purposes set out below:<\/p>\n<p class=\"p3\">Secure operation of the site,<\/p>\n<p class=\"p3\">Users can move around the site and benefit from the services and features provided,<\/p>\n<p class=\"p3\">Storing information about users (on user devices or browser caches) and their website usage,<\/p>\n<p class=\"p3\">Making the site functional through the preferences of the users on the site and personalizing the site according to the users,<\/p>\n<p class=\"p3\">Analyzing users&#8217; use of the site and determining the general trend on the site,<\/p>\n<p class=\"p3\">Improving the performance of the website, making it easier and\/or faster to use,<\/p>\n<p class=\"p3\">Offering new features through websites.<\/p>\n<p class=\"p3\">Displaying targeted advertisements and conducting other marketing activities based on users&#8217; interests and\/or profiles.<\/p>\n<p class=\"p2\"><b>General Characteristics of Cookies<\/b><\/p>\n<p class=\"p3\">Cookies function as session cookies and persistent cookies on our site. While session cookies are deleted when you leave the platform, persistent cookies may remain on your devices for various periods of time depending on the area of use.<\/p>\n<p class=\"p2\"><b>Type of Cookies Used<\/b><\/p>\n<p class=\"p3\">Below we have listed the different types of cookies we may use on our site. If the information we obtain through cookies is in the nature of personal data, the Privacy Policy that complements this Cookie Policy will apply.<\/p>\n<p class=\"p2\"><b>Strictly Necessary Cookies<\/b><\/p>\n<p class=\"p3\">Definition: These cookies are strictly necessary for your site to function securely and for users to be able to move around your site and take advantage of the services and features provided. If users block these cookies through their browsers, some parts of your site may not work.<\/p>\n<table class=\"t1\" width=\"862.5\" cellspacing=\"0\" cellpadding=\"0\">\n<tbody>\n<tr>\n<td class=\"td1\" valign=\"top\">\n<p class=\"p4\"><b>Cookie Function<\/b><\/p>\n<\/td>\n<td class=\"td2\" valign=\"top\">\n<p class=\"p5\"><b>Description<\/b><\/p>\n<\/td>\n<\/tr>\n<tr>\n<td class=\"td1\" valign=\"top\">\n<p class=\"p5\">Session<\/p>\n<\/td>\n<td class=\"td2\" valign=\"top\">\n<p class=\"p5\">Session cookies are used to ensure the continuity of the session.<\/p>\n<\/td>\n<\/tr>\n<tr>\n<td class=\"td1\" valign=\"top\">\n<p class=\"p5\">User ID<\/p>\n<\/td>\n<td class=\"td2\" valign=\"top\">\n<p class=\"p5\">User ID cookies allow users to store only their own information<\/p>\n<p class=\"p5\">for them to see.<\/p>\n<\/td>\n<\/tr>\n<tr>\n<td class=\"td1\" valign=\"top\">\n<p class=\"p5\">Analysis\/Performance<\/p>\n<\/td>\n<td class=\"td2\" valign=\"top\">\n<p class=\"p5\">Such cookies enable the site to collect all statistical data in this way<\/p>\n<p class=\"p5\">improve its delivery and utilization.<\/p>\n<\/td>\n<\/tr>\n<tr>\n<td class=\"td1\" valign=\"top\">\n<p class=\"p5\">Security<\/p>\n<\/td>\n<td class=\"td2\" valign=\"top\">\n<p class=\"p5\">Security cookies are used for security checks.<\/p>\n<\/td>\n<\/tr>\n<tr>\n<td class=\"td1\" valign=\"top\">\n<p class=\"p5\">Load Balancing<\/p>\n<\/td>\n<td class=\"td2\" valign=\"top\">\n<p class=\"p5\">Load balancing cookies reduce server load by distributing the load<\/p>\n<p class=\"p5\">is used to reduce it.<\/p>\n<\/td>\n<\/tr>\n<\/tbody>\n<\/table>\n<p class=\"p2\"><b>Preference and Functional Cookies<\/b><\/p>\n<p class=\"p3\">Description: Preference cookies collect information about users&#8217; preferences and allow you to remember language or other local settings of users and personalize your site to suit them. These cookies may be set by you or by third party providers whose services you have added to your pages. If users do not allow these cookies, some or all of these functions may not work properly.<\/p>\n<table class=\"t1\" width=\"862.5\" cellspacing=\"0\" cellpadding=\"0\">\n<tbody>\n<tr>\n<td class=\"td3\" valign=\"top\">\n<p class=\"p4\"><b>Cookie function<\/b><\/p>\n<\/td>\n<td class=\"td3\" valign=\"top\">\n<p class=\"p5\"><b>Description<\/b><\/p>\n<\/td>\n<\/tr>\n<tr>\n<td class=\"td3\" valign=\"top\">\n<p class=\"p5\">Language<\/p>\n<\/td>\n<td class=\"td3\" valign=\"top\">\n<p class=\"p5\">It saves the user&#8217;s chosen language and provides options accordingly.<\/p>\n<\/td>\n<\/tr>\n<tr>\n<td class=\"td3\" valign=\"top\">\n<p class=\"p5\">Location<\/p>\n<\/td>\n<td class=\"td3\" valign=\"top\">\n<p class=\"p5\">The user&#8217;s IP address enables the determination of the user&#8217;s approximate address (city, district, postal code) and the user is then automatically assigned to his\/her home country.<\/p>\n<p class=\"p5\">and show the dealers and promotion days in that region.<\/p>\n<\/td>\n<\/tr>\n<tr>\n<td class=\"td3\" valign=\"top\">\n<p class=\"p5\">Source Site<\/p>\n<\/td>\n<td class=\"td3\" valign=\"top\">\n<p class=\"p5\">The source site is saved for a better understanding of the user&#8217;s preferences.<\/p>\n<\/td>\n<\/tr>\n<tr>\n<td class=\"td3\" valign=\"top\">\n<p class=\"p5\">Last visit and departure<\/p>\n<\/td>\n<td class=\"td3\" valign=\"top\">\n<p class=\"p5\">To provide users with updates on what has changed since their last visit to our site and to make users&#8217; preferences more<\/p>\n<p class=\"p5\">to understand it well.<\/p>\n<\/td>\n<\/tr>\n<tr>\n<td class=\"td3\" valign=\"top\">\n<p class=\"p5\">Page History<\/p>\n<\/td>\n<td class=\"td3\" valign=\"top\">\n<p class=\"p5\">Page history cookies are used to keep track of which sites users have visited in which order.<\/p>\n<p class=\"p5\">If the user encounters an error when visiting the site, the cookie information is recorded in the log file for reporting and resolving the error.<\/p>\n<\/td>\n<\/tr>\n<tr>\n<td class=\"td3\" valign=\"top\">\n<p class=\"p5\">Live Chat<\/p>\n<\/td>\n<td class=\"td3\" valign=\"top\">\n<p class=\"p5\">It is used to support and communicate live with users on the website.<\/p>\n<p class=\"p5\">This cookie (crisp.chat) enables the chat function to work and to recognize returning users so that we can understand previous conversations and help with questions more quickly.<\/p>\n<\/td>\n<\/tr>\n<\/tbody>\n<\/table>\n<p class=\"p6\"><span class=\"s3\"><b>iii. Analytical Cookies<\/b><\/span> Description: Analytical cookies collect information about users&#8217; site usage and help you improve your site. For example, these types of cookies show which pages on the site are visited the most, help to record difficulties experienced on the site and show whether our advertisements are effective. In this way, the statistics data of the users are collected and you can understand in which direction the general trend on the site is.<\/p>\n<table class=\"t1\" width=\"862.5\" cellspacing=\"0\" cellpadding=\"0\">\n<tbody>\n<tr>\n<td class=\"td3\" valign=\"top\">\n<p class=\"p4\"><b>Cookie function<\/b><\/p>\n<\/td>\n<td class=\"td3\" valign=\"top\">\n<p class=\"p5\"><b>Description<\/b><\/p>\n<\/td>\n<\/tr>\n<tr>\n<td class=\"td3\" valign=\"top\">\n<p class=\"p5\">Google Analytics<\/p>\n<\/td>\n<td class=\"td3\" valign=\"top\">\n<p class=\"p5\">This type of cookie enables the collection of all statistical data, thereby improving the presentation and use of the site.<\/p>\n<p class=\"p5\">Google adds social statistics and interest data to these statistics, allowing us to better understand users.<\/p>\n<\/td>\n<\/tr>\n<tr>\n<td class=\"td3\" valign=\"top\">\n<p class=\"p5\">Google Tag Manager<\/p>\n<\/td>\n<td class=\"td3\" valign=\"top\">\n<p class=\"p5\">Web beacons work in a similar way to cookies and allow the user who visits a website or sends an e-mail to<\/p>\n<p class=\"p5\">They are placed on websites or in an email to track behavior.<\/p>\n<\/td>\n<\/tr>\n<\/tbody>\n<\/table>\n<p class=\"p2\"><b>Advertising\/Targeting Cookies<\/b><\/p>\n<p class=\"p3\">Description: These cookies are used for advertising and marketing purposes. They work by somehow identifying users&#8217; browsers and devices. It can be used to create profiles of users&#8217; interests and to show users relevant advertisements on other sites. If users do not allow these cookies, users will not be able to be shown targeted advertisements.<\/p>\n<table class=\"t1\" width=\"862.5\" cellspacing=\"0\" cellpadding=\"0\">\n<tbody>\n<tr>\n<td class=\"td3\" valign=\"top\">\n<p class=\"p4\"><b>Cookie function<\/b><\/p>\n<\/td>\n<td class=\"td3\" valign=\"top\">\n<p class=\"p5\"><b>Description<\/b><\/p>\n<\/td>\n<\/tr>\n<tr>\n<td class=\"td3\" valign=\"top\">\n<p class=\"p5\">Advertisement<\/p>\n<\/td>\n<td class=\"td3\" valign=\"top\">\n<p class=\"p5\">It enables the delivery of behavioral and targeted ads to users.<\/p>\n<\/td>\n<\/tr>\n<\/tbody>\n<\/table>\n\t\t\t\t\t\t\t\t<\/div>\n\t\t\t\t<\/div>\n\t\t\t\t<div class=\"elementor-element elementor-element-51ea848 elementor-widget elementor-widget-heading\" data-id=\"51ea848\" data-element_type=\"widget\" data-widget_type=\"heading.default\">\n\t\t\t\t<div class=\"elementor-widget-container\">\n\t\t\t\t\t<h2 class=\"elementor-heading-title elementor-size-default\">Cookies Used<\/h2>\t\t\t\t<\/div>\n\t\t\t\t<\/div>\n\t\t\t\t<div class=\"elementor-element elementor-element-2589943 elementor-widget elementor-widget-html\" data-id=\"2589943\" data-element_type=\"widget\" data-widget_type=\"html.default\">\n\t\t\t\t<div class=\"elementor-widget-container\">\n\t\t\t\t\t<div class=\"cky-audit-table-element\"><\/div>\t\t\t\t<\/div>\n\t\t\t\t<\/div>\n\t\t\t\t\t<\/div>\n\t\t\t\t<\/div>\n\t\t\t\t\t<\/div>\n\t\t\t\t<\/div>\n\t\t\t\t\t<\/div>\n\t\t\t\t<\/div>\n\t\t\t\t<\/div>\n\t\t","protected":false},"excerpt":{"rendered":"<p>Cookie Policy NOORD\u0130ST Mobilya Mimarl\u0131k San Tic. Ltd. Sti. Company (&#8220;NORD\u0130ST&#8221;) (https:\/\/www.nord-ist.com\/) uses a number of cookies according to their<\/p>\n","protected":false},"author":1,"featured_media":0,"parent":0,"menu_order":0,"comment_status":"closed","ping_status":"closed","template":"","meta":{"_acf_changed":false,"footnotes":""},"class_list":["post-5691","page","type-page","status-publish","hentry"],"acf":[],"_links":{"self":[{"href":"https:\/\/www.nord-ist.com\/en\/wp-json\/wp\/v2\/pages\/5691","targetHints":{"allow":["GET"]}}],"collection":[{"href":"https:\/\/www.nord-ist.com\/en\/wp-json\/wp\/v2\/pages"}],"about":[{"href":"https:\/\/www.nord-ist.com\/en\/wp-json\/wp\/v2\/types\/page"}],"author":[{"embeddable":true,"href":"https:\/\/www.nord-ist.com\/en\/wp-json\/wp\/v2\/users\/1"}],"replies":[{"embeddable":true,"href":"https:\/\/www.nord-ist.com\/en\/wp-json\/wp\/v2\/comments?post=5691"}],"version-history":[{"count":1,"href":"https:\/\/www.nord-ist.com\/en\/wp-json\/wp\/v2\/pages\/5691\/revisions"}],"predecessor-version":[{"id":5692,"href":"https:\/\/www.nord-ist.com\/en\/wp-json\/wp\/v2\/pages\/5691\/revisions\/5692"}],"wp:attachment":[{"href":"https:\/\/www.nord-ist.com\/en\/wp-json\/wp\/v2\/media?parent=5691"}],"curies":[{"name":"wp","href":"https:\/\/api.w.org\/{rel}","templated":true}]}}